{"id":62,"date":"2020-11-06T15:08:08","date_gmt":"2020-11-06T14:08:08","guid":{"rendered":"http:\/\/miliceangelique.fr\/?page_id=62"},"modified":"2023-04-29T15:19:25","modified_gmt":"2023-04-29T13:19:25","slug":"formulaire-dinscription-et-contact","status":"publish","type":"page","link":"https:\/\/miliceangelique.fr\/?page_id=62","title":{"rendered":"Formulaire d\u2019inscription et contact"},"content":{"rendered":"\n<p>Pour s\u2019inscrire dans la Milice Ang\u00e9lique et recevoir un cordon b\u00e9nit, veuillez remplir le <a href=\"http:\/\/miliceangelique.fr\/wp-content\/uploads\/2020\/11\/Formulaire-inscription.pdf\" target=\"_blank\" rel=\"noreferrer noopener\">formulaire disponible<\/a> sur ce site et l\u2019envoyer par courrier postal \u00e0 l\u2019adresse suivante&nbsp;:<\/p>\n\n\n\n<p>Chapelain de la Milice ang\u00e9lique<\/p>\n\n\n\n<p>Fraternit\u00e9 Saint Vincent Ferrier<\/p>\n\n\n\n<p>2, route de Ball\u00e9e<\/p>\n\n\n\n<p>53340 Ch\u00e9mer\u00e9-le-Roi<\/p>\n\n\n\n<p>France<\/p>\n\n\n\n<p><strong>Un cordon b\u00e9nit vous sera envoy\u00e9 <span style=\"text-decoration: underline;\">gratuitement<\/span>. Si vous souhaitez soutenir cette \u0153uvre, nous vous invitons \u00e0 <span class=\"has-inline-color has-luminous-vivid-orange-color\"><a rel=\"noreferrer noopener\" href=\"http:\/\/www.chemere.org\" target=\"_blank\">faire un don<\/a> <\/span>sur le site de la Fraternit\u00e9 Saint Vincent Ferrier, en indiquant comme motif de votre don&nbsp;: \u00ab&nbsp;Milice Ang\u00e9lique&nbsp;\u00bb. Merci.<\/strong><\/p>\n\n\n\n<figure class=\"wp-block-image size-large\"><img decoding=\"async\" loading=\"lazy\" width=\"1024\" height=\"576\" src=\"http:\/\/miliceangelique.fr\/wp-content\/uploads\/2023\/04\/Cordon_V2-1024x576.jpg\" alt=\"\" class=\"wp-image-186\" srcset=\"https:\/\/miliceangelique.fr\/wp-content\/uploads\/2023\/04\/Cordon_V2-1024x576.jpg 1024w, https:\/\/miliceangelique.fr\/wp-content\/uploads\/2023\/04\/Cordon_V2-300x169.jpg 300w, https:\/\/miliceangelique.fr\/wp-content\/uploads\/2023\/04\/Cordon_V2-768x432.jpg 768w, https:\/\/miliceangelique.fr\/wp-content\/uploads\/2023\/04\/Cordon_V2-1536x864.jpg 1536w, https:\/\/miliceangelique.fr\/wp-content\/uploads\/2023\/04\/Cordon_V2-2048x1152.jpg 2048w, https:\/\/miliceangelique.fr\/wp-content\/uploads\/2023\/04\/Cordon_V2-1140x641.jpg 1140w\" sizes=\"(max-width: 1024px) 100vw, 1024px\" \/><\/figure>\n\n\n\n<p>Pour nous contacter directement, vous pouvez adresser un mail \u00e0 miliceangelique@yahoo.com<\/p>\n\n\n\n<p>Nous vous r\u00e9pondrons dans les meilleurs d\u00e9lai.<\/p>\n","protected":false},"excerpt":{"rendered":"<p>Pour s\u2019inscrire dans la Milice Ang\u00e9lique et recevoir un cordon b\u00e9nit, veuillez remplir le formulaire disponible sur ce site et l\u2019envoyer par courrier postal \u00e0 l\u2019adresse suivante&nbsp;: Chapelain de la Milice ang\u00e9lique Fraternit\u00e9 Saint Vincent Ferrier 2, route de Ball\u00e9e 53340 Ch\u00e9mer\u00e9-le-Roi France Un cordon b\u00e9nit vous sera envoy\u00e9 gratuitement. Si vous souhaitez soutenir cette \u0153uvre, nous vous invitons \u00e0 faire un don sur le site de la Fraternit\u00e9 Saint Vincent Ferrier, en indiquant comme motif de votre don&nbsp;: \u00ab&nbsp;Milice Ang\u00e9lique&nbsp;\u00bb. Merci. Pour nous contacter directement, vous pouvez adresser un mail \u00e0 miliceangelique@yahoo.com Nous vous r\u00e9pondrons dans les meilleurs d\u00e9lai.<\/p>\n","protected":false},"author":1,"featured_media":0,"parent":0,"menu_order":0,"comment_status":"closed","ping_status":"closed","template":"","meta":{"jetpack_post_was_ever_published":false},"jetpack_sharing_enabled":true,"_links":{"self":[{"href":"https:\/\/miliceangelique.fr\/index.php?rest_route=\/wp\/v2\/pages\/62"}],"collection":[{"href":"https:\/\/miliceangelique.fr\/index.php?rest_route=\/wp\/v2\/pages"}],"about":[{"href":"https:\/\/miliceangelique.fr\/index.php?rest_route=\/wp\/v2\/types\/page"}],"author":[{"embeddable":true,"href":"https:\/\/miliceangelique.fr\/index.php?rest_route=\/wp\/v2\/users\/1"}],"replies":[{"embeddable":true,"href":"https:\/\/miliceangelique.fr\/index.php?rest_route=%2Fwp%2Fv2%2Fcomments&post=62"}],"version-history":[{"count":12,"href":"https:\/\/miliceangelique.fr\/index.php?rest_route=\/wp\/v2\/pages\/62\/revisions"}],"predecessor-version":[{"id":187,"href":"https:\/\/miliceangelique.fr\/index.php?rest_route=\/wp\/v2\/pages\/62\/revisions\/187"}],"wp:attachment":[{"href":"https:\/\/miliceangelique.fr\/index.php?rest_route=%2Fwp%2Fv2%2Fmedia&parent=62"}],"curies":[{"name":"wp","href":"https:\/\/api.w.org\/{rel}","templated":true}]}}