{"id":55,"date":"2020-11-06T14:50:05","date_gmt":"2020-11-06T13:50:05","guid":{"rendered":"http:\/\/miliceangelique.fr\/?page_id=55"},"modified":"2020-11-06T16:39:09","modified_gmt":"2020-11-06T15:39:09","slug":"foire-aux-questions","status":"publish","type":"page","link":"https:\/\/miliceangelique.fr\/?page_id=55","title":{"rendered":"F.A.Q."},"content":{"rendered":"\n<p><strong>Est-ce un p\u00e9ch\u00e9 de ne pas dire les pri\u00e8res pr\u00e9vues pour \u00eatre membre de la Milice Ang\u00e9lique\u00a0?<\/strong><\/p>\n\n\n\n<p>Non, les obligations li\u00e9es \u00e0 l\u2019appartenance \u00e0 une confr\u00e9rie n\u2019obligent pas sous peine de p\u00e9ch\u00e9. Cela signifie que le confr\u00e8re ne commet pas de p\u00e9ch\u00e9 quand il cesse les pratiques de d\u00e9votion qui ont cours dans la Milice Ang\u00e9lique.<\/p>\n\n\n\n<p><strong>Est-ce un p\u00e9ch\u00e9 de cesser de porter le cordon de saint Thomas\u00a0?<\/strong><\/p>\n\n\n\n<p>Non, le port de ce cordon n\u2019oblige pas sous peine de p\u00e9ch\u00e9. On peut donc, apr\u00e8s l\u2019avoir re\u00e7u, cesser de le porter sans que ce soit un p\u00e9ch\u00e9. Dans ce cas, on ne b\u00e9n\u00e9ficie plus des avantages spirituels accord\u00e9s aux confr\u00e8res de la Milice Ang\u00e9lique.<\/p>\n\n\n\n<p><strong>Que veut-on dire par l\u2019expression \u00ab\u00a0garder la chastet\u00e9 selon son \u00e9tat\u00a0\u00bb\u00a0?<\/strong><\/p>\n\n\n\n<p>On signifie par l\u00e0 que les membres de la Milice Ang\u00e9lique s\u2019engagent \u00e0 observer la chastet\u00e9 compl\u00e8te dans le c\u00e9libat pour ceux qui sont c\u00e9libataires ou la chastet\u00e9 conjugale pour ceux qui sont mari\u00e9s \u00e0 l\u2019\u00e9glise. Il faut remarquer que cette obligation n\u2019ajoute rien aux devoirs de tout chr\u00e9tien en ce qui concerne la chastet\u00e9.<\/p>\n","protected":false},"excerpt":{"rendered":"<p>Est-ce un p\u00e9ch\u00e9 de ne pas dire les pri\u00e8res pr\u00e9vues pour \u00eatre membre de la Milice Ang\u00e9lique\u00a0? Non, les obligations li\u00e9es \u00e0 l\u2019appartenance \u00e0 une confr\u00e9rie n\u2019obligent pas sous peine de p\u00e9ch\u00e9. Cela signifie que le confr\u00e8re ne commet pas de p\u00e9ch\u00e9 quand il cesse les pratiques de d\u00e9votion qui ont cours dans la Milice Ang\u00e9lique. Est-ce un p\u00e9ch\u00e9 de cesser de porter le cordon de saint Thomas\u00a0? Non, le port de ce cordon n\u2019oblige pas sous peine de p\u00e9ch\u00e9. On peut donc, apr\u00e8s l\u2019avoir re\u00e7u, cesser de le porter sans que ce soit un p\u00e9ch\u00e9. Dans ce cas, on ne b\u00e9n\u00e9ficie plus des avantages spirituels accord\u00e9s aux confr\u00e8res de la Milice Ang\u00e9lique. Que veut-on dire par l\u2019expression \u00ab\u00a0garder la chastet\u00e9 selon son \u00e9tat\u00a0\u00bb\u00a0? On signifie par l\u00e0 que les membres de la Milice Ang\u00e9lique s\u2019engagent \u00e0 observer la chastet\u00e9 compl\u00e8te dans le c\u00e9libat pour ceux qui sont c\u00e9libataires ou la chastet\u00e9 conjugale pour ceux qui sont mari\u00e9s \u00e0 l\u2019\u00e9glise. Il faut remarquer que cette obligation n\u2019ajoute rien aux devoirs de tout chr\u00e9tien en ce qui concerne la chastet\u00e9.<\/p>\n","protected":false},"author":1,"featured_media":0,"parent":0,"menu_order":0,"comment_status":"closed","ping_status":"closed","template":"","meta":{"jetpack_post_was_ever_published":false},"jetpack_sharing_enabled":true,"_links":{"self":[{"href":"https:\/\/miliceangelique.fr\/index.php?rest_route=\/wp\/v2\/pages\/55"}],"collection":[{"href":"https:\/\/miliceangelique.fr\/index.php?rest_route=\/wp\/v2\/pages"}],"about":[{"href":"https:\/\/miliceangelique.fr\/index.php?rest_route=\/wp\/v2\/types\/page"}],"author":[{"embeddable":true,"href":"https:\/\/miliceangelique.fr\/index.php?rest_route=\/wp\/v2\/users\/1"}],"replies":[{"embeddable":true,"href":"https:\/\/miliceangelique.fr\/index.php?rest_route=%2Fwp%2Fv2%2Fcomments&post=55"}],"version-history":[{"count":2,"href":"https:\/\/miliceangelique.fr\/index.php?rest_route=\/wp\/v2\/pages\/55\/revisions"}],"predecessor-version":[{"id":126,"href":"https:\/\/miliceangelique.fr\/index.php?rest_route=\/wp\/v2\/pages\/55\/revisions\/126"}],"wp:attachment":[{"href":"https:\/\/miliceangelique.fr\/index.php?rest_route=%2Fwp%2Fv2%2Fmedia&parent=55"}],"curies":[{"name":"wp","href":"https:\/\/api.w.org\/{rel}","templated":true}]}}