{"id":49,"date":"2020-11-06T15:09:10","date_gmt":"2020-11-06T14:09:10","guid":{"rendered":"http:\/\/miliceangelique.fr\/?page_id=49"},"modified":"2020-12-13T13:12:29","modified_gmt":"2020-12-13T12:12:29","slug":"origine-de-la-milice-angelique","status":"publish","type":"page","link":"https:\/\/miliceangelique.fr\/?page_id=49","title":{"rendered":"Origine et histoire de la Milice Ang\u00e9lique"},"content":{"rendered":"\n<div class=\"wp-block-image is-style-default\"><figure class=\"alignleft size-large is-resized\"><img decoding=\"async\" loading=\"lazy\" src=\"http:\/\/miliceangelique.fr\/wp-content\/uploads\/2020\/11\/Velazquez-Oriola-856x1024.jpg\" alt=\"\" class=\"wp-image-7\" width=\"322\" height=\"384\" srcset=\"https:\/\/miliceangelique.fr\/wp-content\/uploads\/2020\/11\/Velazquez-Oriola-856x1024.jpg 856w, https:\/\/miliceangelique.fr\/wp-content\/uploads\/2020\/11\/Velazquez-Oriola-251x300.jpg 251w, https:\/\/miliceangelique.fr\/wp-content\/uploads\/2020\/11\/Velazquez-Oriola-768x918.jpg 768w, https:\/\/miliceangelique.fr\/wp-content\/uploads\/2020\/11\/Velazquez-Oriola.jpg 935w\" sizes=\"(max-width: 322px) 100vw, 322px\" \/><\/figure><\/div>\n\n\n\n<p>La Milice Ang\u00e9lique tire sa naissance d\u2019une circonstance de la vie de saint Thomas d\u2019Aquin. \u00c0 l\u2019\u00e2ge de 19 ans, celui-ci d\u00e9cida d\u2019entrer chez les dominicains du couvent de Naples et re\u00e7ut l\u2019habit des Fr\u00e8res Pr\u00eacheurs. Son choix d\u2019appartenir \u00e0 un ordre mendiant d\u00e9plut \u00e0 sa famille qui formait d\u2019autres projets sur lui. Les comtes d\u2019Aquin \u00e9taient des puissants seigneurs et ils esp\u00e9raient que Thomas, qui avait \u00e9t\u00e9 oblat d\u00e8s l\u2019\u00e2ge de 5 ans \u00e0 l\u2019Abbaye du Mont-Cassin, en devienne un jour le P\u00e8re Abb\u00e9. Pour le dissuader de sa r\u00e9solution d\u2019\u00eatre Fr\u00e8re mendiant, sa famille prit de grands moyens. Ses parents demand\u00e8rent \u00e0 leur fils Renaud d\u2019intercepter le jeune Fr\u00e8re Thomas qui se trouvait en voyage sur les routes de l\u2019Italie du Nord. Renaud avait la mission de le ramener de force parmi les siens. Gr\u00e2ce \u00e0 l\u2019appui de soldats, il enleva son fr\u00e8re qui refusa de quitter l\u2019habit des dominicains. Il le conduisit sous bonne garde au ch\u00e2teau familial de Roccasecca. L\u00e0, Fr\u00e8re Thomas fut retenu prisonnier dans de dures conditions.<\/p>\n\n\n\n<p>Pendant plusieurs mois de d\u00e9tention, les menaces n\u2019\u00e9branl\u00e8rent pas sa vocation. Alors ses fr\u00e8res d\u00e9cid\u00e8rent d\u2019introduire dans sa chambre une courtisane, apr\u00e8s lui avoir expos\u00e9 ce qu\u2019ils attendaient d\u2019elle. Celle-ci essaya de s\u00e9duire saint Thomas. Le jeune religieux saisit dans la chemin\u00e9e un tison enflamm\u00e9 et chassa la prostitu\u00e9e. Il tra\u00e7a une croix sur la muraille au moyen du m\u00eame tison. Prostern\u00e9 \u00e0 terre, il demanda \u00e0 Dieu de le pr\u00e9server \u00e0 jamais de toute faute contre la puret\u00e9. Dieu exau\u00e7a sa pri\u00e8re en envoyant deux anges qui lui ceignirent les reins d\u2019un cordon miraculeux. Ils lui dirent&nbsp;:&nbsp;\u00ab&nbsp;Voici que, de la part de Dieu, nous te ceignons de la ceinture de chastet\u00e9 que tu as demand\u00e9e&nbsp;: aucun assaut ne pourra la rompre&nbsp;; ce que la vertu humaine ne peut obtenir par ses propres m\u00e9rites t\u2019est conc\u00e9d\u00e9 comme un don de Dieu dans sa largesse&nbsp;\u00bb. \u00c0 partir de ce jour, il ne ressentit plus les effets de la concupiscence, comme il le confia \u00e0 son secr\u00e9taire, le p\u00e8re Raynald (ou R\u00e9ginald) de Piperno. C\u2019est l\u2019une des raisons qui lui valut son titre de \u00ab&nbsp;Docteur ang\u00e9lique&nbsp;\u00bb.<\/p>\n\n\n\n<p>Durant toute sa vie, saint Thomas garda autour des reins ce cordon miraculeux. Il lui fut enlev\u00e9 le jour de sa mort par le P\u00e8re Raynald qui le remit au Ma\u00eetre G\u00e9n\u00e9ral, Jean de Verceil. Ce dernier offrit la relique au couvent des Dominicains de Verceil (Pi\u00e9mont). Il est actuellement conserv\u00e9 dans l\u2019\u00e9glise des Dominicains de Chieri (pr\u00e8s de Turin).<\/p>\n\n\n\n<p>La mati\u00e8re de ce cordon est enti\u00e8rement de fil blanc (lin tress\u00e9) long d\u2019un m\u00e8tre quarante-six. A l\u2019une des extr\u00e9mit\u00e9s se trouvent deux boucles dans lesquelles s\u2019introduit l\u2019autre extr\u00e9mit\u00e9 afin que le cordon entoure les reins. La partie qui ceint le corps est plate et ne d\u00e9passe pas la largeur d\u2019une paille aplatie. Le reste est compos\u00e9 de deux cordelettes li\u00e9es de quinze n\u0153uds qui rappellent sans doute les quinze myst\u00e8res du Rosaire.<\/p>\n\n\n\n<div class=\"wp-block-image is-style-default\"><figure class=\"alignleft size-large is-resized\"><img decoding=\"async\" loading=\"lazy\" src=\"http:\/\/miliceangelique.fr\/wp-content\/uploads\/2020\/11\/5A-564x1024.jpg\" alt=\"\" class=\"wp-image-107\" width=\"180\" height=\"328\" srcset=\"https:\/\/miliceangelique.fr\/wp-content\/uploads\/2020\/11\/5A-564x1024.jpg 564w, https:\/\/miliceangelique.fr\/wp-content\/uploads\/2020\/11\/5A-165x300.jpg 165w, https:\/\/miliceangelique.fr\/wp-content\/uploads\/2020\/11\/5A.jpg 740w\" sizes=\"(max-width: 180px) 100vw, 180px\" \/><\/figure><\/div>\n\n\n\n<p> Pour satisfaire la pi\u00e9t\u00e9 des fid\u00e8les \u00e0 l\u2019\u00e9gard du cordon de saint Thomas conserv\u00e9 au couvent de Verceil, on fit toucher des objets au reliquaire. En 1580, le P\u00e8re dominicain Cyprien Uberti eut l\u2019id\u00e9e de faire fabriquer des cordons semblables \u00e0 celui qui \u00e9tait conserv\u00e9. Il b\u00e9nit les cordons faits sur ce mod\u00e8le et les distribua aux p\u00e8lerins. Le saint cordon devint une arme puissante pour demander \u00e0 saint Thomas la gr\u00e2ce de conserver la puret\u00e9 ou de la reconqu\u00e9rir apr\u00e8s l\u2019avoir perdue. Tr\u00e8s vite cette d\u00e9votion se r\u00e9pandit dans toute l\u2019Italie. Elle aida puissamment de nombreux fid\u00e8les \u00e0 conserver la puret\u00e9. Ainsi le P\u00e8re Camille, vice-recteur du coll\u00e8ge des j\u00e9suites de Verceil d\u00e9clara, dans un acte de 1664, que des gr\u00e2ces singuli\u00e8res avaient \u00e9t\u00e9 accord\u00e9es \u00e0 des catholiques de tout \u00e2ge en portant le saint cordon. Ils avaient \u00e9t\u00e9 aid\u00e9s dans les rudes combats de la chair gr\u00e2ce \u00e0 cet objet de d\u00e9votion. La relique conserv\u00e9e au couvent de Verceil devint si c\u00e9l\u00e8bre que le Dominicain Michel Ghislieri, devenu Pape sous le nom de Pie V, souhaitait qu\u2019elle f\u00fbt transf\u00e9r\u00e9e \u00e0 Rome.<\/p>\n\n\n\n<p>Les exemples suivants montrent les fruits li\u00e9s \u00e0 la d\u00e9votion au saint cordon. Saint Louis de Gonzague (\u2020 1591), qui avait dans sa cellule l\u2019image du Docteur ang\u00e9lique, portait cette ceinture de puret\u00e9 et la recommandait \u00e0 ses compagnons. Elle contribua certainement \u00e0 lui faire conserver son innocence. La Bienheureuse St\u00e9phanie Quinzani (1457-1530), tertiaire dominicaine, re\u00e7ut miraculeusement le cordon de saint Thomas. Aux alentours de sa f\u00eate, elle eut \u00e0 subir de fortes tentations contre la puret\u00e9. Elle se souvint des assauts dont saint Thomas avait souffert et dont il avait triomph\u00e9. Elle supplia Dieu de la ceindre, comme lui, du cordon de la chastet\u00e9. \u00c0 l\u2019instant m\u00eame, elle \u00e9prouva un coup terrible aux reins et ne put retenir un grand cri. Elle fut par la suite d\u00e9livr\u00e9e des attaques venant de la concupiscence de la chair.<\/p>\n\n\n\n<div class=\"wp-block-image is-style-default\"><figure class=\"alignright size-large\"><img decoding=\"async\" loading=\"lazy\" width=\"240\" height=\"320\" src=\"http:\/\/miliceangelique.fr\/wp-content\/uploads\/2020\/11\/2A.jpg\" alt=\"\" class=\"wp-image-104\" srcset=\"https:\/\/miliceangelique.fr\/wp-content\/uploads\/2020\/11\/2A.jpg 240w, https:\/\/miliceangelique.fr\/wp-content\/uploads\/2020\/11\/2A-225x300.jpg 225w\" sizes=\"(max-width: 240px) 100vw, 240px\" \/><\/figure><\/div>\n\n\n\n<p>Tr\u00e8s vite des \u00e9l\u00e8ves des autres facult\u00e9s et beaucoup d\u2019habitants de Louvain s\u2019enr\u00f4l\u00e8rent dans la Milice Ang\u00e9lique. En peu de temps, elle compta 4000 membres. La confr\u00e9rie s\u2019implanta dans d\u2019autres villes de Belgique (Maastricht, Ypres, Gand) et dans d\u2019autres royaumes&nbsp;: Italie (Venise), Espagne (Saragosse, Majorque), France (Toulouse, Avignon) et m\u00eame en Am\u00e9rique latine (Mexique, Equateur et Chili). La Milice Ang\u00e9lique regroupait dans ses rangs des hommes et des femmes de tout \u00e2ge et de tout milieu&nbsp;: des rois et des reines, des \u00e9v\u00eaques, des pr\u00eatres, des religieux, des fid\u00e8les la\u00efcs. L\u2019usage de porter le cordon fut surtout r\u00e9pandu parmi les \u00e9tudiants. Les Clercs R\u00e9guliers et les P\u00e8res de la Compagnie de J\u00e9sus le propag\u00e8rent aupr\u00e8s des \u00e9l\u00e8ves de leurs coll\u00e8ges. De nombreux papes approuv\u00e8rent et encourag\u00e8rent la confr\u00e9rie, le premier \u00e0 en donner l\u2019exemple fut le pape Innocent X, qui approuva la Milice Ang\u00e9lique par un Bref adress\u00e9 aux docteurs de Louvain et dat\u00e9 du 21 mars 1654. Ses successeurs l\u2019enrichirent de nombreuses indulgences&nbsp;: Alexandre VII, Innocent XI, Innocent XII, Pie VII, Pie IX.<\/p>\n\n\n\n<p>Dans le Bref du 4 ao\u00fbt 1880, L\u00e9on XIII mentionne le miracle du cordon et la faveur qui s\u2019ensuit comme l\u2019un des motifs qui le d\u00e9termin\u00e8rent \u00e0 d\u00e9clarer saint Thomas Patron des \u00e9tudiants catholiques\u00a0:\u00a0\u00ab\u00a0Comme saint Thomas d\u2019Aquin \u00e9tait sorti victorieux d\u2019une tr\u00e8s forte tentation de volupt\u00e9, le tr\u00e8s chaste adolescent obtint de Dieu, comme r\u00e9compense de son courage, de porter autour de ses reins une ceinture myst\u00e9rieuse et de sentir en m\u00eame temps compl\u00e8tement \u00e9teint le feu de la concupiscence. D\u00e8s lors, il v\u00e9cut comme s\u2019il e\u00fbt \u00e9t\u00e9 exempt de toute contagion de corps, pouvant \u00eatre compar\u00e9 aux esprits ang\u00e9liques, non moins pour l\u2019innocence que pour le g\u00e9nie\u00a0\u00bb.<\/p>\n\n\n\n<p>Au XX<sup>e<\/sup>\u00a0si\u00e8cle, le pape Pie XI vit dans la Milice Ang\u00e9lique un rem\u00e8de pour aider la jeunesse \u00e0 lutter contre les tentations de la chair. Dans son encyclique,\u00a0<em>Studiorum ducem<\/em>, du 29 juin 1923, il encouragea les \u00e9v\u00eaques \u00e0 soutenir la confr\u00e9rie\u00a0:\u00a0\u00ab\u00a0Aussi voyant la plus grande partie de la jeunesse, s\u00e9duite par les attraits des passions, perdre si pr\u00e9matur\u00e9ment la sainte puret\u00e9 et devenir esclave des plaisirs, Nous vous demandons instamment, V\u00e9n\u00e9rables Fr\u00e8res, de propager partout, principalement parmi les \u00e9tudiants eccl\u00e9siastiques, l\u2019association de la Milice Ang\u00e9lique, qui a pour but la sauvegarde de la chastet\u00e9 sous la protection de saint Thomas\u00a0\u00bb.Malgr\u00e9 cet appel, les confr\u00e9ries du saint cordon tomberont en d\u00e9su\u00e9tude dans la seconde moiti\u00e9 du XX<sup>e<\/sup>\u00a0si\u00e8cle. On signalera enfin l\u2019exemple du bienheureux Pier Giorgio Frassati (1901-1925) qui aimait \u00e0 se rendre au couvent Saint-Dominique de Chieri pour prier devant la relique du cordon de saint Thomas. Il portait probablement lui aussi une r\u00e9plique du cordon. Il puisa dans sa d\u00e9votion au Docteur ang\u00e9lique la force de triompher des assauts de la concupiscence. Tous ceux qui le c\u00f4toy\u00e8rent ont t\u00e9moign\u00e9 que le jeune homme, tertiaire dominicain, rayonnait de l\u2019\u00e9clat de ceux qui ont le c\u0153ur pur.<\/p>\n\n\n\n<div class=\"wp-block-image is-style-default\"><figure class=\"aligncenter size-large\"><img decoding=\"async\" loading=\"lazy\" width=\"688\" height=\"1024\" src=\"http:\/\/miliceangelique.fr\/wp-content\/uploads\/2020\/11\/Capture-decran-2020-08-02-a-15.14.20-688x1024.png\" alt=\"\" class=\"wp-image-114\" srcset=\"https:\/\/miliceangelique.fr\/wp-content\/uploads\/2020\/11\/Capture-decran-2020-08-02-a-15.14.20-688x1024.png 688w, https:\/\/miliceangelique.fr\/wp-content\/uploads\/2020\/11\/Capture-decran-2020-08-02-a-15.14.20-202x300.png 202w, https:\/\/miliceangelique.fr\/wp-content\/uploads\/2020\/11\/Capture-decran-2020-08-02-a-15.14.20-768x1142.png 768w, https:\/\/miliceangelique.fr\/wp-content\/uploads\/2020\/11\/Capture-decran-2020-08-02-a-15.14.20-1033x1536.png 1033w, https:\/\/miliceangelique.fr\/wp-content\/uploads\/2020\/11\/Capture-decran-2020-08-02-a-15.14.20-1377x2048.png 1377w, https:\/\/miliceangelique.fr\/wp-content\/uploads\/2020\/11\/Capture-decran-2020-08-02-a-15.14.20-1140x1696.png 1140w, https:\/\/miliceangelique.fr\/wp-content\/uploads\/2020\/11\/Capture-decran-2020-08-02-a-15.14.20.png 1643w\" sizes=\"(max-width: 688px) 100vw, 688px\" \/><\/figure><\/div>\n","protected":false},"excerpt":{"rendered":"<p>La Milice Ang\u00e9lique tire sa naissance d\u2019une circonstance de la vie de saint Thomas d\u2019Aquin. \u00c0 l\u2019\u00e2ge de 19 ans, celui-ci d\u00e9cida d\u2019entrer chez les dominicains du couvent de Naples et re\u00e7ut l\u2019habit des Fr\u00e8res Pr\u00eacheurs. Son choix d\u2019appartenir \u00e0 un ordre mendiant d\u00e9plut \u00e0 sa famille qui formait d\u2019autres projets sur lui. Les comtes d\u2019Aquin \u00e9taient des puissants seigneurs et ils esp\u00e9raient que Thomas, qui avait \u00e9t\u00e9 oblat d\u00e8s l\u2019\u00e2ge de 5 ans \u00e0 l\u2019Abbaye du Mont-Cassin, en devienne un jour le P\u00e8re Abb\u00e9. Pour le dissuader de sa r\u00e9solution d\u2019\u00eatre Fr\u00e8re mendiant, sa famille prit de grands moyens. Ses parents demand\u00e8rent \u00e0 leur fils Renaud d\u2019intercepter le jeune Fr\u00e8re Thomas qui se trouvait en voyage sur les routes de l\u2019Italie du Nord. Renaud avait la mission de le ramener de force parmi les siens. Gr\u00e2ce \u00e0 l\u2019appui de soldats, il enleva son fr\u00e8re qui refusa de quitter l\u2019habit des dominicains. Il le conduisit sous bonne garde au ch\u00e2teau familial de Roccasecca. L\u00e0, Fr\u00e8re Thomas fut retenu prisonnier dans de dures conditions. Pendant plusieurs mois de d\u00e9tention, les menaces n\u2019\u00e9branl\u00e8rent pas sa vocation. Alors ses fr\u00e8res d\u00e9cid\u00e8rent d\u2019introduire dans sa chambre une courtisane, apr\u00e8s lui avoir expos\u00e9 ce qu\u2019ils attendaient d\u2019elle. Celle-ci essaya de s\u00e9duire saint Thomas. Le jeune religieux saisit dans la chemin\u00e9e un tison enflamm\u00e9 et chassa la prostitu\u00e9e. Il tra\u00e7a une croix sur la muraille au moyen du m\u00eame tison. Prostern\u00e9 \u00e0 terre, il demanda \u00e0 Dieu de le pr\u00e9server \u00e0 jamais de toute faute contre la puret\u00e9. Dieu exau\u00e7a sa pri\u00e8re en envoyant deux anges qui lui ceignirent les reins d\u2019un cordon miraculeux. Ils lui dirent&nbsp;:&nbsp;\u00ab&nbsp;Voici que, de la part de Dieu, nous te ceignons de la ceinture de chastet\u00e9 que tu as demand\u00e9e&nbsp;: aucun assaut ne pourra la rompre&nbsp;; ce que la vertu humaine ne peut obtenir par ses propres m\u00e9rites t\u2019est conc\u00e9d\u00e9 comme un don de Dieu dans sa largesse&nbsp;\u00bb. \u00c0 partir de ce jour, il ne ressentit plus les effets de la concupiscence, comme il le confia \u00e0 son secr\u00e9taire, le p\u00e8re Raynald (ou R\u00e9ginald) de Piperno. C\u2019est l\u2019une des raisons qui lui valut son titre de \u00ab&nbsp;Docteur ang\u00e9lique&nbsp;\u00bb. Durant toute sa vie, saint Thomas garda autour des reins ce cordon miraculeux. Il lui fut enlev\u00e9 le jour de sa mort par le P\u00e8re Raynald qui le remit au Ma\u00eetre G\u00e9n\u00e9ral, Jean de Verceil. Ce dernier offrit la relique au couvent des Dominicains de Verceil (Pi\u00e9mont). Il est actuellement conserv\u00e9 dans l\u2019\u00e9glise des Dominicains de Chieri (pr\u00e8s de Turin). La mati\u00e8re de ce cordon est enti\u00e8rement de fil blanc (lin tress\u00e9) long d\u2019un m\u00e8tre quarante-six. A l\u2019une des extr\u00e9mit\u00e9s se trouvent deux boucles dans lesquelles s\u2019introduit l\u2019autre extr\u00e9mit\u00e9 afin que le cordon entoure les reins. La partie qui ceint le corps est plate et ne d\u00e9passe pas la largeur d\u2019une paille aplatie. Le reste est compos\u00e9 de deux cordelettes li\u00e9es de quinze n\u0153uds qui rappellent sans doute les quinze myst\u00e8res du Rosaire. Pour satisfaire la pi\u00e9t\u00e9 des fid\u00e8les \u00e0 l\u2019\u00e9gard du cordon de saint Thomas conserv\u00e9 au couvent de Verceil, on fit toucher des objets au reliquaire. En 1580, le P\u00e8re dominicain Cyprien Uberti eut l\u2019id\u00e9e de faire fabriquer des cordons semblables \u00e0 celui qui \u00e9tait conserv\u00e9. Il b\u00e9nit les cordons faits sur ce mod\u00e8le et les distribua aux p\u00e8lerins. Le saint cordon devint une arme puissante pour demander \u00e0 saint Thomas la gr\u00e2ce de conserver la puret\u00e9 ou de la reconqu\u00e9rir apr\u00e8s l\u2019avoir perdue. Tr\u00e8s vite cette d\u00e9votion se r\u00e9pandit dans toute l\u2019Italie. Elle aida puissamment de nombreux fid\u00e8les \u00e0 conserver la puret\u00e9. Ainsi le P\u00e8re Camille, vice-recteur du coll\u00e8ge des j\u00e9suites de Verceil d\u00e9clara, dans un acte de 1664, que des gr\u00e2ces singuli\u00e8res avaient \u00e9t\u00e9 accord\u00e9es \u00e0 des catholiques de tout \u00e2ge en portant le saint cordon. Ils avaient \u00e9t\u00e9 aid\u00e9s dans les rudes combats de la chair gr\u00e2ce \u00e0 cet objet de d\u00e9votion. La relique conserv\u00e9e au couvent de Verceil devint si c\u00e9l\u00e8bre que le Dominicain Michel Ghislieri, devenu Pape sous le nom de Pie V, souhaitait qu\u2019elle f\u00fbt transf\u00e9r\u00e9e \u00e0 Rome. Les exemples suivants montrent les fruits li\u00e9s \u00e0 la d\u00e9votion au saint cordon. Saint Louis de Gonzague (\u2020 1591), qui avait dans sa cellule l\u2019image du Docteur ang\u00e9lique, portait cette ceinture de puret\u00e9 et la recommandait \u00e0 ses compagnons. Elle contribua certainement \u00e0 lui faire conserver son innocence. La Bienheureuse St\u00e9phanie Quinzani (1457-1530), tertiaire dominicaine, re\u00e7ut miraculeusement le cordon de saint Thomas. Aux alentours de sa f\u00eate, elle eut \u00e0 subir de fortes tentations contre la puret\u00e9. Elle se souvint des assauts dont saint Thomas avait souffert et dont il avait triomph\u00e9. Elle supplia Dieu de la ceindre, comme lui, du cordon de la chastet\u00e9. \u00c0 l\u2019instant m\u00eame, elle \u00e9prouva un coup terrible aux reins et ne put retenir un grand cri. Elle fut par la suite d\u00e9livr\u00e9e des attaques venant de la concupiscence de la chair. Tr\u00e8s vite des \u00e9l\u00e8ves des autres facult\u00e9s et beaucoup d\u2019habitants de Louvain s\u2019enr\u00f4l\u00e8rent dans la Milice Ang\u00e9lique. En peu de temps, elle compta 4000 membres. La confr\u00e9rie s\u2019implanta dans d\u2019autres villes de Belgique (Maastricht, Ypres, Gand) et dans d\u2019autres royaumes&nbsp;: Italie (Venise), Espagne (Saragosse, Majorque), France (Toulouse, Avignon) et m\u00eame en Am\u00e9rique latine (Mexique, Equateur et Chili). La Milice Ang\u00e9lique regroupait dans ses rangs des hommes et des femmes de tout \u00e2ge et de tout milieu&nbsp;: des rois et des reines, des \u00e9v\u00eaques, des pr\u00eatres, des religieux, des fid\u00e8les la\u00efcs. L\u2019usage de porter le cordon fut surtout r\u00e9pandu parmi les \u00e9tudiants. Les Clercs R\u00e9guliers et les P\u00e8res de la Compagnie de J\u00e9sus le propag\u00e8rent aupr\u00e8s des \u00e9l\u00e8ves de leurs coll\u00e8ges. De nombreux papes approuv\u00e8rent et encourag\u00e8rent la confr\u00e9rie, le premier \u00e0 en donner l\u2019exemple fut le pape Innocent X, qui approuva la Milice Ang\u00e9lique par un Bref adress\u00e9 aux docteurs de Louvain et dat\u00e9 du 21 mars 1654. Ses successeurs l\u2019enrichirent de nombreuses indulgences&nbsp;: Alexandre VII, Innocent XI, Innocent XII, Pie VII, Pie IX. Dans le Bref du 4 ao\u00fbt 1880, L\u00e9on XIII mentionne le miracle du cordon et la faveur qui s\u2019ensuit comme l\u2019un des motifs qui le d\u00e9termin\u00e8rent \u00e0 d\u00e9clarer saint Thomas Patron des \u00e9tudiants catholiques\u00a0:\u00a0\u00ab\u00a0Comme saint Thomas d\u2019Aquin \u00e9tait sorti victorieux d\u2019une tr\u00e8s forte tentation de volupt\u00e9, le tr\u00e8s chaste adolescent obtint de Dieu, comme r\u00e9compense de son courage, de porter autour de ses reins une ceinture myst\u00e9rieuse et de sentir en m\u00eame temps compl\u00e8tement \u00e9teint le feu de la concupiscence. D\u00e8s lors, il v\u00e9cut comme s\u2019il e\u00fbt \u00e9t\u00e9 exempt de toute contagion de corps, pouvant \u00eatre compar\u00e9 aux esprits ang\u00e9liques, non moins pour l\u2019innocence que pour le g\u00e9nie\u00a0\u00bb. Au XXe\u00a0si\u00e8cle, le pape Pie XI vit dans la Milice Ang\u00e9lique un rem\u00e8de pour aider la jeunesse \u00e0 lutter contre les tentations de la chair. Dans son encyclique,\u00a0Studiorum ducem, du 29 juin 1923, il encouragea les \u00e9v\u00eaques \u00e0 soutenir la confr\u00e9rie\u00a0:\u00a0\u00ab\u00a0Aussi voyant la plus grande partie de la jeunesse, s\u00e9duite par les attraits des passions, perdre si pr\u00e9matur\u00e9ment la sainte puret\u00e9 et devenir esclave des plaisirs, Nous vous demandons instamment, V\u00e9n\u00e9rables Fr\u00e8res, de propager partout, principalement parmi les \u00e9tudiants eccl\u00e9siastiques, l\u2019association de la Milice Ang\u00e9lique, qui a pour but la sauvegarde de la chastet\u00e9 sous la protection de saint Thomas\u00a0\u00bb.Malgr\u00e9 cet appel, les confr\u00e9ries du saint cordon tomberont en d\u00e9su\u00e9tude dans la seconde moiti\u00e9 du XXe\u00a0si\u00e8cle. On signalera enfin l\u2019exemple du bienheureux Pier Giorgio Frassati (1901-1925) qui aimait \u00e0 se rendre au couvent Saint-Dominique de Chieri pour prier devant la relique du cordon de saint Thomas. Il portait probablement lui aussi une r\u00e9plique du cordon. Il puisa dans sa d\u00e9votion au Docteur ang\u00e9lique la force de triompher des assauts de la concupiscence. Tous ceux qui le c\u00f4toy\u00e8rent ont t\u00e9moign\u00e9 que le jeune homme, tertiaire dominicain, rayonnait de l\u2019\u00e9clat de ceux qui ont le c\u0153ur pur.<\/p>\n","protected":false},"author":1,"featured_media":0,"parent":0,"menu_order":0,"comment_status":"closed","ping_status":"closed","template":"","meta":{"jetpack_post_was_ever_published":false},"jetpack_sharing_enabled":true,"_links":{"self":[{"href":"https:\/\/miliceangelique.fr\/index.php?rest_route=\/wp\/v2\/pages\/49"}],"collection":[{"href":"https:\/\/miliceangelique.fr\/index.php?rest_route=\/wp\/v2\/pages"}],"about":[{"href":"https:\/\/miliceangelique.fr\/index.php?rest_route=\/wp\/v2\/types\/page"}],"author":[{"embeddable":true,"href":"https:\/\/miliceangelique.fr\/index.php?rest_route=\/wp\/v2\/users\/1"}],"replies":[{"embeddable":true,"href":"https:\/\/miliceangelique.fr\/index.php?rest_route=%2Fwp%2Fv2%2Fcomments&post=49"}],"version-history":[{"count":12,"href":"https:\/\/miliceangelique.fr\/index.php?rest_route=\/wp\/v2\/pages\/49\/revisions"}],"predecessor-version":[{"id":149,"href":"https:\/\/miliceangelique.fr\/index.php?rest_route=\/wp\/v2\/pages\/49\/revisions\/149"}],"wp:attachment":[{"href":"https:\/\/miliceangelique.fr\/index.php?rest_route=%2Fwp%2Fv2%2Fmedia&parent=49"}],"curies":[{"name":"wp","href":"https:\/\/api.w.org\/{rel}","templated":true}]}}