{"id":42,"date":"2020-11-06T15:08:58","date_gmt":"2020-11-06T14:08:58","guid":{"rendered":"http:\/\/miliceangelique.fr\/?page_id=42"},"modified":"2020-11-06T15:08:58","modified_gmt":"2020-11-06T14:08:58","slug":"obligations-et-conseils","status":"publish","type":"page","link":"https:\/\/miliceangelique.fr\/?page_id=42","title":{"rendered":"Obligations et conseils"},"content":{"rendered":"\n<p>1\u00b0) Le membre de la Milice Ang\u00e9lique s\u2019engage \u00e0 porter jour et nuit, autour des reins, le cordon de saint Thomas. C\u2019est un cordon de fil blanc, ayant quinze n\u0153uds distants et qui doit \u00eatre b\u00e9nit par le Chapelain de la Milice Ang\u00e9lique.<\/p>\n\n\n\n<p>2\u00b0) Il s\u2019engage \u00e9galement \u00e0 r\u00e9citer chaque jour la pri\u00e8re&nbsp;:&nbsp;\u00ab&nbsp;Tr\u00e8s chaste saint Thomas&nbsp;\u00bb, en y ajoutant un&nbsp;<em>Notre P\u00e8re<\/em>, un&nbsp;<em>Je vous salue Marie<\/em>&nbsp;et un&nbsp;<em>Gloire au P\u00e8re<\/em>.<\/p>\n\n\n\n<p>3\u00b0) Il s\u2019oblige \u00e0 fuir les occasions prochaines qui pourraient mettre en danger la vertu de puret\u00e9. Par cons\u00e9quent, il s\u2019engage, en vertu des promesses de son bapt\u00eame, \u00e0 s\u2019abstenir de propos grossiers, \u00e0 rejeter les lectures licencieuses ainsi que les m\u00e9dias qui blessent la vertu de chastet\u00e9, \u00e0 ne pas regarder des images contraires \u00e0 la d\u00e9cence, \u00e0 proscrire de sa maison les images ind\u00e9centes.<\/p>\n\n\n\n<p>4\u00b0) On conseille, en outre, aux membres de la Milice Ang\u00e9lique de se confesser, d\u2019assister \u00e0 la Messe et de communier en la f\u00eate de saint Thomas d\u2019Aquin (7 mars), f\u00eate patronale de la confr\u00e9rie, ainsi qu\u2019aux f\u00eates de l\u2019Immacul\u00e9e Conception (8 d\u00e9cembre) et de saint Joseph (19 mars).<\/p>\n\n\n\n<p><strong>Remarque importante&nbsp;:<\/strong><\/p>\n\n\n\n<p><strong>Celui qui s\u2019inscrit comme membre de la Milice ang\u00e9lique s\u2019engage \u00e0 garder la chastet\u00e9 selon son \u00e9tat. Les personnes mari\u00e9es \u00e0 l\u2019\u00e9glise continuent \u00e0 observer la chastet\u00e9 conjugale, les autres pratiquent la chastet\u00e9 compl\u00e8te (appel\u00e9e continence). Il faut remarquer que cette obligation n\u2019ajoute rien aux devoirs de tout chr\u00e9tien en ce qui concerne la chastet\u00e9.<\/strong><\/p>\n\n\n\n<p><strong>Un cordon b\u00e9nit vous sera envoy\u00e9 gratuitement. Si vous souhaitez soutenir cette \u0153uvre, nous vous invitons \u00e0 faire un don sur le site de la Fraternit\u00e9 Saint Vincent Ferrier (www.chemere.org), en indiquant comme motif de votre don&nbsp;: \u00ab&nbsp;Milice Ang\u00e9lique&nbsp;\u00bb.<\/strong><\/p>\n\n\n\n<p><strong>Pri\u00e8re \u00e0 saint Thomas pour obtenir la puret\u00e9&nbsp;:<\/strong><\/p>\n\n\n\n<p>Tr\u00e8s chaste saint Thomas, choisi comme un lys d\u2019innocence, vous qui avez toujours conserv\u00e9 sans tache la robe baptismale, vous qui, ceint par deux anges, avez \u00e9t\u00e9 un v\u00e9ritable ange dans la chair, je vous prie de me recommander \u00e0 J\u00e9sus, l\u2019Agneau sans tache, et \u00e0 Marie, la Reine des Vierges, afin que moi aussi, portant autour de mes reins votre saint cordon, je re\u00e7oive le m\u00eame don que vous, et vous imitant ainsi sur la terre, je sois un jour couronn\u00e9 parmi les anges avec vous, \u00f4 grand protecteur de mon innocence.<\/p>\n\n\n\n<p><em>Notre P\u00e8re, Je vous salue Marie, Gloire au P\u00e8re.<\/em><\/p>\n\n\n\n<p><em>V.&nbsp;<\/em>Saint Thomas, priez pour nous,<\/p>\n\n\n\n<p><em>R.&nbsp;<\/em>Afin que nous soyons rendus dignes des promesses de Notre-Seigneur J\u00e9sus-Christ.<\/p>\n\n\n\n<p>Prions.<\/p>\n\n\n\n<p>Dieu, qui avez daign\u00e9 nous munir du cordon sacr\u00e9 de saint Thomas, au milieu des luttes si difficiles que nous avons \u00e0 soutenir, nous vous supplions de nous accorder par son secours c\u00e9leste, de surmonter heureusement dans ce combat, l\u2019ennemi de notre corps et de notre \u00e2me, afin que, couronn\u00e9s du lis d\u2019une puret\u00e9 perp\u00e9tuelle, nous m\u00e9ritions de recevoir la palme des bienheureux, au milieu des chastes arm\u00e9es des anges. Par J\u00e9sus-Christ Notre-Seigneur. Ainsi soit-il.<\/p>\n","protected":false},"excerpt":{"rendered":"<p>1\u00b0) Le membre de la Milice Ang\u00e9lique s\u2019engage \u00e0 porter jour et nuit, autour des reins, le cordon de saint Thomas. C\u2019est un cordon de fil blanc, ayant quinze n\u0153uds distants et qui doit \u00eatre b\u00e9nit par le Chapelain de la Milice Ang\u00e9lique. 2\u00b0) Il s\u2019engage \u00e9galement \u00e0 r\u00e9citer chaque jour la pri\u00e8re&nbsp;:&nbsp;\u00ab&nbsp;Tr\u00e8s chaste saint Thomas&nbsp;\u00bb, en y ajoutant un&nbsp;Notre P\u00e8re, un&nbsp;Je vous salue Marie&nbsp;et un&nbsp;Gloire au P\u00e8re. 3\u00b0) Il s\u2019oblige \u00e0 fuir les occasions prochaines qui pourraient mettre en danger la vertu de puret\u00e9. Par cons\u00e9quent, il s\u2019engage, en vertu des promesses de son bapt\u00eame, \u00e0 s\u2019abstenir de propos grossiers, \u00e0 rejeter les lectures licencieuses ainsi que les m\u00e9dias qui blessent la vertu de chastet\u00e9, \u00e0 ne pas regarder des images contraires \u00e0 la d\u00e9cence, \u00e0 proscrire de sa maison les images ind\u00e9centes. 4\u00b0) On conseille, en outre, aux membres de la Milice Ang\u00e9lique de se confesser, d\u2019assister \u00e0 la Messe et de communier en la f\u00eate de saint Thomas d\u2019Aquin (7 mars), f\u00eate patronale de la confr\u00e9rie, ainsi qu\u2019aux f\u00eates de l\u2019Immacul\u00e9e Conception (8 d\u00e9cembre) et de saint Joseph (19 mars). Remarque importante&nbsp;: Celui qui s\u2019inscrit comme membre de la Milice ang\u00e9lique s\u2019engage \u00e0 garder la chastet\u00e9 selon son \u00e9tat. Les personnes mari\u00e9es \u00e0 l\u2019\u00e9glise continuent \u00e0 observer la chastet\u00e9 conjugale, les autres pratiquent la chastet\u00e9 compl\u00e8te (appel\u00e9e continence). Il faut remarquer que cette obligation n\u2019ajoute rien aux devoirs de tout chr\u00e9tien en ce qui concerne la chastet\u00e9. Un cordon b\u00e9nit vous sera envoy\u00e9 gratuitement. Si vous souhaitez soutenir cette \u0153uvre, nous vous invitons \u00e0 faire un don sur le site de la Fraternit\u00e9 Saint Vincent Ferrier (www.chemere.org), en indiquant comme motif de votre don&nbsp;: \u00ab&nbsp;Milice Ang\u00e9lique&nbsp;\u00bb. Pri\u00e8re \u00e0 saint Thomas pour obtenir la puret\u00e9&nbsp;: Tr\u00e8s chaste saint Thomas, choisi comme un lys d\u2019innocence, vous qui avez toujours conserv\u00e9 sans tache la robe baptismale, vous qui, ceint par deux anges, avez \u00e9t\u00e9 un v\u00e9ritable ange dans la chair, je vous prie de me recommander \u00e0 J\u00e9sus, l\u2019Agneau sans tache, et \u00e0 Marie, la Reine des Vierges, afin que moi aussi, portant autour de mes reins votre saint cordon, je re\u00e7oive le m\u00eame don que vous, et vous imitant ainsi sur la terre, je sois un jour couronn\u00e9 parmi les anges avec vous, \u00f4 grand protecteur de mon innocence. Notre P\u00e8re, Je vous salue Marie, Gloire au P\u00e8re. V.&nbsp;Saint Thomas, priez pour nous, R.&nbsp;Afin que nous soyons rendus dignes des promesses de Notre-Seigneur J\u00e9sus-Christ. Prions. Dieu, qui avez daign\u00e9 nous munir du cordon sacr\u00e9 de saint Thomas, au milieu des luttes si difficiles que nous avons \u00e0 soutenir, nous vous supplions de nous accorder par son secours c\u00e9leste, de surmonter heureusement dans ce combat, l\u2019ennemi de notre corps et de notre \u00e2me, afin que, couronn\u00e9s du lis d\u2019une puret\u00e9 perp\u00e9tuelle, nous m\u00e9ritions de recevoir la palme des bienheureux, au milieu des chastes arm\u00e9es des anges. Par J\u00e9sus-Christ Notre-Seigneur. Ainsi soit-il.<\/p>\n","protected":false},"author":1,"featured_media":0,"parent":0,"menu_order":0,"comment_status":"closed","ping_status":"closed","template":"","meta":{"jetpack_post_was_ever_published":false},"jetpack_sharing_enabled":true,"_links":{"self":[{"href":"https:\/\/miliceangelique.fr\/index.php?rest_route=\/wp\/v2\/pages\/42"}],"collection":[{"href":"https:\/\/miliceangelique.fr\/index.php?rest_route=\/wp\/v2\/pages"}],"about":[{"href":"https:\/\/miliceangelique.fr\/index.php?rest_route=\/wp\/v2\/types\/page"}],"author":[{"embeddable":true,"href":"https:\/\/miliceangelique.fr\/index.php?rest_route=\/wp\/v2\/users\/1"}],"replies":[{"embeddable":true,"href":"https:\/\/miliceangelique.fr\/index.php?rest_route=%2Fwp%2Fv2%2Fcomments&post=42"}],"version-history":[{"count":2,"href":"https:\/\/miliceangelique.fr\/index.php?rest_route=\/wp\/v2\/pages\/42\/revisions"}],"predecessor-version":[{"id":45,"href":"https:\/\/miliceangelique.fr\/index.php?rest_route=\/wp\/v2\/pages\/42\/revisions\/45"}],"wp:attachment":[{"href":"https:\/\/miliceangelique.fr\/index.php?rest_route=%2Fwp%2Fv2%2Fmedia&parent=42"}],"curies":[{"name":"wp","href":"https:\/\/api.w.org\/{rel}","templated":true}]}}